{"id":129,"date":"2014-11-14T19:08:47","date_gmt":"2014-11-14T18:08:47","guid":{"rendered":"http:\/\/pp1.kluczbork.pl\/?page_id=129"},"modified":"2015-03-03T09:59:18","modified_gmt":"2015-03-03T08:59:18","slug":"co-nas-wyroznia","status":"publish","type":"page","link":"https:\/\/archiwum.pp1.kluczbork.pl\/?page_id=129","title":{"rendered":"Co nas wyr\u00f3\u017cnia?"},"content":{"rendered":"<p>&nbsp;<\/p>\n<p><a title=\"Osi\u0105gni\u0119cia\" href=\"http:\/\/pp1.kluczbork.pl\/?page_id=94\"><img loading=\"lazy\" class=\"alignleft wp-image-364\" src=\"http:\/\/pp1.kluczbork.pl\/wp-content\/uploads\/2015\/02\/sowa-355305_640-288x300.png\" alt=\"sowa-355305_640\" width=\"148\" height=\"156\" \/>Osi\u0105gni\u0119cia<\/a><\/p>\n<p><a title=\"Metoda Marii Montessori w naszym przedszkolu\" href=\"http:\/\/pp1.kluczbork.pl\/?page_id=203\">Metoda Marii Montessori w naszym przedszkolu<\/a><\/p>\n<p><a title=\"Edukacja matematyczna w naszym przedszkolu\" href=\"http:\/\/pp1.kluczbork.pl\/?page_id=201\">Edukacja matematyczna w naszym przedszkolu<\/a><\/p>\n<p><a title=\"Dooko\u0142a kolorowo gdy bezpiecznie jest i zdrowo\" href=\"http:\/\/pp1.kluczbork.pl\/?page_id=207\">Dooko\u0142a kolorowo gdy bezpiecznie jest i zdrowo<\/a><\/p>\n<p><a title=\"Kid Smart\" href=\"http:\/\/pp1.kluczbork.pl\/?page_id=209\">Kid Smart<\/a><\/p>\n","protected":false},"excerpt":{"rendered":"<p>&nbsp; Osi\u0105gni\u0119cia Metoda Marii Montessori w naszym przedszkolu Edukacja matematyczna w naszym przedszkolu Dooko\u0142a kolorowo gdy bezpiecznie jest i zdrowo Kid Smart<\/p>\n","protected":false},"author":1,"featured_media":0,"parent":0,"menu_order":5,"comment_status":"open","ping_status":"closed","template":"","meta":[],"_links":{"self":[{"href":"https:\/\/archiwum.pp1.kluczbork.pl\/index.php?rest_route=\/wp\/v2\/pages\/129"}],"collection":[{"href":"https:\/\/archiwum.pp1.kluczbork.pl\/index.php?rest_route=\/wp\/v2\/pages"}],"about":[{"href":"https:\/\/archiwum.pp1.kluczbork.pl\/index.php?rest_route=\/wp\/v2\/types\/page"}],"author":[{"embeddable":true,"href":"https:\/\/archiwum.pp1.kluczbork.pl\/index.php?rest_route=\/wp\/v2\/users\/1"}],"replies":[{"embeddable":true,"href":"https:\/\/archiwum.pp1.kluczbork.pl\/index.php?rest_route=%2Fwp%2Fv2%2Fcomments&post=129"}],"version-history":[{"count":6,"href":"https:\/\/archiwum.pp1.kluczbork.pl\/index.php?rest_route=\/wp\/v2\/pages\/129\/revisions"}],"predecessor-version":[{"id":402,"href":"https:\/\/archiwum.pp1.kluczbork.pl\/index.php?rest_route=\/wp\/v2\/pages\/129\/revisions\/402"}],"wp:attachment":[{"href":"https:\/\/archiwum.pp1.kluczbork.pl\/index.php?rest_route=%2Fwp%2Fv2%2Fmedia&parent=129"}],"curies":[{"name":"wp","href":"https:\/\/api.w.org\/{rel}","templated":true}]}}