{"id":194,"date":"2015-02-22T19:27:54","date_gmt":"2015-02-22T18:27:54","guid":{"rendered":"http:\/\/pp1.kluczbork.pl\/?page_id=194"},"modified":"2015-03-03T09:49:59","modified_gmt":"2015-03-03T08:49:59","slug":"charakterystyka-przedszkola","status":"publish","type":"page","link":"https:\/\/archiwum.pp1.kluczbork.pl\/?page_id=194","title":{"rendered":"Charakterystyka przedszkola"},"content":{"rendered":"<p style=\"text-align: center;\"><span style=\"color: #000000;\">Publiczne Przedszkole Nr 1 po\u0142o\u017cone jest w centrum miasta, w miejscu bezpiecznym i zacisznym. \u00a0Przedszkole funkcjonuje od 1946 r. w pi\u0119knym obiekcie &#8211; adaptowanej, atrakcyjnej architektonicznie willi z okresu lat\u00a0trzydziestych. Z racji swojej wyj\u0105tkowo\u015bci architektonicznej budynek jest obj\u0119ty ochron\u0105 konserwatorsk\u0105.<\/span><\/p>\n<p style=\"text-align: center;\"><span style=\"color: #000000;\">Przedszkole otoczone jest du\u017cym ogrodem o powierzchni &#8211; oko\u0142o 1672 m<sup>2 , <\/sup> kt\u00f3rego walorem jest zestaw rekreacyjno-sportowy.\u00a0Ogr\u00f3d ma wydzielone strefy: 1. dla dzieci najm\u0142odszych, 2. dla dzieci pozosta\u0142ych grup.\u00a0Dzi\u0119ki du\u017cej przestrzeni w ogrodzie przedszkolnym regularnie organizowane s\u0105 imprezy plenerowe: \u201e\u015awi\u0119to pieczonego\u00a0Ziemniaka\u201d, Festyny, \u00a0 \u00a0 \u00a0 \u00a0 \u00a0 \u00a0 \u00a0 \u00a0 \u00a0 \u00a0 \u00a0 \u00a0 \u00a0 \u00a0 \u00a0 \u00a0 \u00a0\u00a0Dzie\u0144 Dziecka i wiele innych.<\/span><\/p>\n<p style=\"text-align: center;\" align=\"JUSTIFY\"><span style=\"color: #000000;\">Wn\u0119trze przedszkola r\u00f3wnie\u017c ma sw\u00f3j wyj\u0105tkowy charakter, na kt\u00f3ry wp\u0142ywa uk\u0142ad sal z du\u017cym \u0142\u0105cz\u0105cym je holem na\u00a0pietrze oraz galeri\u0105 na 3 kondygnacji. W holu organizowane s\u0105 spotkania wszystkich \u2013 z okazji r\u00f3\u017cnych \u015bwi\u0105t, uroczysto\u015bci, konkurs\u00f3w. Tutaj dzieci prezentuj\u0105 swoje umiej\u0119tno\u015bci recytatorskie, \u00a0 \u00a0 \u00a0 \u00a0wokalne i teatralne.\u00a0Niezwyk\u0142a architektura przedszkola oraz jego estetyczny wystr\u00f3j tworz\u0105 kameraln\u0105 atmosfer\u0119.\u00a0Zaj\u0119cia prowadzone s\u0105 w pomieszczeniach bezpiecznych i przyjaznych dzieciom. Poza g\u0142\u00f3wnymi salami grup dysponujemy pomieszczeniami dodatkowymi:<\/span><\/p>\n<ul>\n<li><span style=\"text-align: center; color: #000000;\">sal\u0105 teatraln\u0105;<\/span><\/li>\n<li><span style=\"color: #000000;\">sal\u0105 \u0107wicze\u0144, w kt\u00f3rej odbywaj\u0105 si\u0119: zaj\u0119cia gimnastyczne w strojach gimnastycznych \u00a0 \u00a0 \u00a0 \u00a0 \u00a0 \u00a0 ( ka\u017cda grupa- dwa razy w tygodniu), zabawy ruchowe, zaj\u0119cia z rytmiki, ta\u0144ce, zaj\u0119cia logopedyczne;<\/span><\/li>\n<li><span style=\"color: #000000;\">pracowni\u0105 plastyczn\u0105.<\/span><\/li>\n<\/ul>\n<p style=\"text-align: center;\"><span style=\"color: #000000;\">\u00a0<\/span><\/p>\n","protected":false},"excerpt":{"rendered":"<p>Publiczne Przedszkole Nr 1 po\u0142o\u017cone jest w centrum miasta, w miejscu bezpiecznym i zacisznym. \u00a0Przedszkole funkcjonuje od 1946 r. w pi\u0119knym obiekcie &#8211; adaptowanej, atrakcyjnej architektonicznie willi z okresu lat\u00a0trzydziestych. Z racji swojej wyj\u0105tkowo\u015bci architektonicznej budynek jest obj\u0119ty ochron\u0105 konserwatorsk\u0105. Przedszkole otoczone jest du\u017cym ogrodem o powierzchni &#8211; oko\u0142o 1672 m2 , kt\u00f3rego walorem jest [&hellip;]<\/p>\n","protected":false},"author":1,"featured_media":0,"parent":2,"menu_order":0,"comment_status":"closed","ping_status":"closed","template":"","meta":[],"_links":{"self":[{"href":"https:\/\/archiwum.pp1.kluczbork.pl\/index.php?rest_route=\/wp\/v2\/pages\/194"}],"collection":[{"href":"https:\/\/archiwum.pp1.kluczbork.pl\/index.php?rest_route=\/wp\/v2\/pages"}],"about":[{"href":"https:\/\/archiwum.pp1.kluczbork.pl\/index.php?rest_route=\/wp\/v2\/types\/page"}],"author":[{"embeddable":true,"href":"https:\/\/archiwum.pp1.kluczbork.pl\/index.php?rest_route=\/wp\/v2\/users\/1"}],"replies":[{"embeddable":true,"href":"https:\/\/archiwum.pp1.kluczbork.pl\/index.php?rest_route=%2Fwp%2Fv2%2Fcomments&post=194"}],"version-history":[{"count":28,"href":"https:\/\/archiwum.pp1.kluczbork.pl\/index.php?rest_route=\/wp\/v2\/pages\/194\/revisions"}],"predecessor-version":[{"id":394,"href":"https:\/\/archiwum.pp1.kluczbork.pl\/index.php?rest_route=\/wp\/v2\/pages\/194\/revisions\/394"}],"up":[{"embeddable":true,"href":"https:\/\/archiwum.pp1.kluczbork.pl\/index.php?rest_route=\/wp\/v2\/pages\/2"}],"wp:attachment":[{"href":"https:\/\/archiwum.pp1.kluczbork.pl\/index.php?rest_route=%2Fwp%2Fv2%2Fmedia&parent=194"}],"curies":[{"name":"wp","href":"https:\/\/api.w.org\/{rel}","templated":true}]}}