{"id":273,"date":"2015-03-01T20:19:16","date_gmt":"2015-03-01T19:19:16","guid":{"rendered":"http:\/\/pp1.kluczbork.pl\/?page_id=273"},"modified":"2015-03-02T18:43:19","modified_gmt":"2015-03-02T17:43:19","slug":"regulamin-przedszkola","status":"publish","type":"page","link":"https:\/\/archiwum.pp1.kluczbork.pl\/?page_id=273","title":{"rendered":"Regulamin Przedszkola"},"content":{"rendered":"<ol>\n<li>\n<p class=\"western\"><span style=\"font-family: 'Comic Sans MS', cursive;\"><span style=\"font-size: large;\">Dziecko powinno przychodzi\u0107 do przedszkola regularnie i punktualnie do godz. 8.30.<\/span><\/span><\/p>\n<\/li>\n<li>\n<p class=\"western\"><span style=\"font-family: 'Comic Sans MS', cursive;\"><span style=\"font-size: large;\">Rodzice zobowi\u0105zani s\u0105 do doprowadzenia dziecka do\u00a0<\/span><\/span>nauczycielki.<\/p>\n<\/li>\n<\/ol>\n<ol start=\"3\">\n<li>\n<p class=\"western\"><span style=\"font-family: 'Comic Sans MS', cursive;\"><span style=\"font-size: large;\">Dziecko powinno by\u0107 z przedszkola odbierane przez\u00a0<\/span><\/span>rodzic\u00f3w lub osob\u0119 doros\u0142\u0105 uprawnion\u0105 przez nich.<\/p>\n<\/li>\n<\/ol>\n<ol start=\"4\">\n<li>\n<p class=\"western\"><span style=\"font-family: 'Comic Sans MS', cursive;\"><span style=\"font-size: large;\">Dziecko powinno mie\u0107 w przedszkolu kapcie, woreczek,\u00a0<\/span><\/span>chusteczk\u0119 do nosa.<\/p>\n<\/li>\n<\/ol>\n<ol start=\"5\">\n<li>\n<p class=\"western\"><span style=\"font-family: 'Comic Sans MS', cursive;\"><span style=\"font-size: large;\">Dziecko powinno przychodzi\u0107 zdrowe i czyste. Rodzice\u00a0<\/span><\/span>zobowi\u0105zani s\u0105 te\u017c do sprawdzenia g\u0142\u00f3w dzieciom.<\/p>\n<\/li>\n<\/ol>\n<ol start=\"6\">\n<li>\n<p class=\"western\"><span style=\"font-family: 'Comic Sans MS', cursive;\"><span style=\"font-size: large;\">W razie d\u0142ugiej nieobecno\u015bci dziecka, nale\u017cy o tym\u00a0<\/span><\/span>powiadomi\u0107 Dyrekcj\u0119.<\/p>\n<\/li>\n<\/ol>\n<ol start=\"7\">\n<li>\n<p class=\"western\"><span style=\"font-family: 'Comic Sans MS', cursive;\"><span style=\"font-size: large;\">W wypadku choroby zaka\u017anej (ospa, \u015bwinka) rodzice zobowi\u0105zani s\u0105 do zawiadomienia przedszkola.<\/span><\/span><\/p>\n<\/li>\n<li>\n<p class=\"western\"><span style=\"font-family: 'Comic Sans MS', cursive;\"><span style=\"font-size: large;\">Rodzice powinni by\u0107 w sta\u0142y kontakcie\u00a0<\/span><\/span>z przedszkolem, w razie trudno\u015bci wychowawczych mog\u0105 zg\u0142asza\u0107 si\u0119 o porad\u0119 do dyrektora lub nauczycielek.<\/p>\n<\/li>\n<\/ol>\n<ol start=\"9\">\n<li>\n<p class=\"western\"><span style=\"font-family: 'Comic Sans MS', cursive;\"><span style=\"font-size: large;\">Dziecko powinno k\u0142a\u015b\u0107 si\u0119 spa\u0107 najp\u00f3\u017aniej do godz.20.00\u00a0<\/span><\/span>co jest nieodzowne dla jego zdrowia.<\/p>\n<\/li>\n<\/ol>\n<p class=\"western\"><span style=\"font-family: 'Comic Sans MS', cursive;\"><span style=\"font-size: large;\">10. Rodzice powinni stosowa\u0107 si\u0119 do wszystkich wymaga\u0144\u00a0<\/span><\/span>przedszkola- udzia\u0142 w zebraniach, wsp\u00f3\u0142praca\u00a0z dyrektorem, nauczycielami.<\/p>\n<p class=\"western\"><span style=\"font-family: 'Comic Sans MS', cursive;\"><span style=\"font-size: large;\">11. Rodzice powinni dba\u0107 o zachowanie czysto\u015bci, \u0142adu\u00a0<\/span><\/span>i porz\u0105dku przedszkola.<\/p>\n<p>&nbsp;<\/p>\n","protected":false},"excerpt":{"rendered":"<p>Dziecko powinno przychodzi\u0107 do przedszkola regularnie i punktualnie do godz. 8.30. Rodzice zobowi\u0105zani s\u0105 do doprowadzenia dziecka do\u00a0nauczycielki. Dziecko powinno by\u0107 z przedszkola odbierane przez\u00a0rodzic\u00f3w lub osob\u0119 doros\u0142\u0105 uprawnion\u0105 przez nich. Dziecko powinno mie\u0107 w przedszkolu kapcie, woreczek,\u00a0chusteczk\u0119 do nosa. Dziecko powinno przychodzi\u0107 zdrowe i czyste. Rodzice\u00a0zobowi\u0105zani s\u0105 te\u017c do sprawdzenia g\u0142\u00f3w dzieciom. W razie [&hellip;]<\/p>\n","protected":false},"author":1,"featured_media":0,"parent":255,"menu_order":0,"comment_status":"closed","ping_status":"closed","template":"","meta":[],"_links":{"self":[{"href":"https:\/\/archiwum.pp1.kluczbork.pl\/index.php?rest_route=\/wp\/v2\/pages\/273"}],"collection":[{"href":"https:\/\/archiwum.pp1.kluczbork.pl\/index.php?rest_route=\/wp\/v2\/pages"}],"about":[{"href":"https:\/\/archiwum.pp1.kluczbork.pl\/index.php?rest_route=\/wp\/v2\/types\/page"}],"author":[{"embeddable":true,"href":"https:\/\/archiwum.pp1.kluczbork.pl\/index.php?rest_route=\/wp\/v2\/users\/1"}],"replies":[{"embeddable":true,"href":"https:\/\/archiwum.pp1.kluczbork.pl\/index.php?rest_route=%2Fwp%2Fv2%2Fcomments&post=273"}],"version-history":[{"count":7,"href":"https:\/\/archiwum.pp1.kluczbork.pl\/index.php?rest_route=\/wp\/v2\/pages\/273\/revisions"}],"predecessor-version":[{"id":349,"href":"https:\/\/archiwum.pp1.kluczbork.pl\/index.php?rest_route=\/wp\/v2\/pages\/273\/revisions\/349"}],"up":[{"embeddable":true,"href":"https:\/\/archiwum.pp1.kluczbork.pl\/index.php?rest_route=\/wp\/v2\/pages\/255"}],"wp:attachment":[{"href":"https:\/\/archiwum.pp1.kluczbork.pl\/index.php?rest_route=%2Fwp%2Fv2%2Fmedia&parent=273"}],"curies":[{"name":"wp","href":"https:\/\/api.w.org\/{rel}","templated":true}]}}