{"id":285,"date":"2015-03-01T20:34:12","date_gmt":"2015-03-01T19:34:12","guid":{"rendered":"http:\/\/pp1.kluczbork.pl\/?page_id=285"},"modified":"2015-03-02T18:56:15","modified_gmt":"2015-03-02T17:56:15","slug":"ewaluacja-zewnetrzna","status":"publish","type":"page","link":"https:\/\/archiwum.pp1.kluczbork.pl\/?page_id=285","title":{"rendered":"Ewaluacja zewn\u0119trzna"},"content":{"rendered":"<p>W grudniu 2013 roku odby\u0142 si\u0119 nadz\u00f3r pedagogiczny Systemu Ewaluacji O\u015bwiaty. Zosta\u0142a przeprowadzona ewaluacja problemowa zewn\u0119trzna.<\/p>\n<p align=\"CENTER\"><span style=\"font-family: 'Comic Sans MS', cursive; color: #ff6600;\"><span style=\"font-size: medium;\">Oto wyniki!<\/span><\/span><\/p>\n<p><span style=\"font-family: 'Comic Sans MS', cursive;\"><span style=\"font-size: medium;\">Prezentowany raport jest rezultatem ewaluacji przeprowadzonej w przedszkolu przez wizytator\u00f3w do spraw ewaluacji. Raport z ewaluacji problemowej dotyczy dw\u00f3ch wymaga\u0144 pa\u0144stwa:<\/span><\/span><\/p>\n<ol>\n<li><span style=\"font-family: 'Comic Sans MS', cursive;\"><span style=\"font-size: medium;\"><i>Przedszkole wspomaga rozw\u00f3j dzieci, z uwzgl\u0119dnieniem ich indywidualnej sytuacji <\/i><\/span><\/span><b>&#8211; \u00a0 \u00a0 \u00a0 \u00a0<\/b><span style=\"color: #ff6600;\">UZYSKALI\u015aMY POZIOM A<\/span> ! (bardzo wysoki)<\/li>\n<li><span style=\"font-family: 'Comic Sans MS', cursive;\"><span style=\"font-size: medium;\"><i>Przedszkole w planowaniu pracy uwzgl\u0119dnia wnioski z analizy bada\u0144 zewn\u0119trznych i wewn\u0119trznych.<\/i><\/span><\/span><span style=\"font-family: 'Comic Sans MS', cursive;\"><span style=\"font-size: medium;\"><b>&#8211; \u00a0<\/b><span style=\"color: #ff6600;\">UZYSKALI\u015aMY POZIOM B\u00a0<\/span>! (wysoki)<\/span><\/span><\/li>\n<\/ol>\n<p><span style=\"font-family: 'Comic Sans MS', cursive; color: #ff6600;\"><span style=\"font-size: medium;\"><i>Ewaluacja ma na celu ustalenie poziomu spe\u0142niania przez przedszkole wymaga\u0144 zawartych w rozporz\u0105dzeniu Ministra Edukacji Narodowej. <\/i><\/span><\/span><\/p>\n<p><span style=\"font-family: 'Comic Sans MS', cursive;\"><span style=\"font-size: medium;\">Przedszkole mo\u017ce spe\u0142nia\u0107 te wymagania na pi\u0119ciu poziomach:<\/span><\/span><\/p>\n<ul>\n<li><span style=\"font-family: 'Comic Sans MS', cursive;\"><span style=\"font-size: medium;\">poziom E- oznaczaj\u0105cy niski stopie\u0144 wype\u0142niania wymagania przez przedszkole.<\/span><\/span><\/li>\n<li><span style=\"font-family: 'Comic Sans MS', cursive;\"><span style=\"font-size: medium;\">Poziom D- oznaczaj\u0105cy podstawowy stopie\u0144 wype\u0142niania wymagania przez przedszkole.<\/span><\/span><\/li>\n<li><span style=\"font-family: 'Comic Sans MS', cursive;\"><span style=\"font-size: medium;\">Poziom C- oznaczaj\u0105cy \u015bredni stopie\u0144 wype\u0142niania wymagania przez przedszkole.<\/span><\/span><\/li>\n<li><span style=\"font-family: 'Comic Sans MS', cursive;\"><span style=\"font-size: medium;\">Poziom B- oznaczaj\u0105cy wysoki stopie\u0144 wype\u0142niania wymagania przez przedszkole.<\/span><\/span><\/li>\n<li><span style=\"font-family: 'Comic Sans MS', cursive;\"><span style=\"font-size: medium;\">Poziom A- oznaczaj\u0105cy bardzo wysoki stopie\u0144 wype\u0142niania wymagania przez przedszkole.<\/span><\/span><\/li>\n<\/ul>\n<p align=\"JUSTIFY\"><span style=\"font-family: 'Comic Sans MS', cursive;\"><span style=\"font-size: medium;\">Wnioski z ewaluacji:<\/span><\/span><\/p>\n<ol>\n<li>\n<p align=\"JUSTIFY\"><span style=\"font-family: 'Comic Sans MS', cursive;\"><span style=\"font-size: medium;\">Prowadzone systematycznie rozpoznanie potrzeb potrzeb rozwojowych, mo\u017cliwo\u015bci psychofizycznych oraz sytuacji spo\u0142ecznej dziecka pozwoli\u0142o trafnie okre\u015bli\u0107 obszary wymagaj\u0105ce wsparcia i podj\u0105\u0107 w\u0142a\u015bciwe formy oddzia\u0142ywania.<\/span><\/span><\/p>\n<\/li>\n<li>\n<p align=\"JUSTIFY\"><span style=\"font-family: 'Comic Sans MS', cursive;\"><span style=\"font-size: medium;\">Celowa i adekwatna wsp\u00f3\u0142praca z podmiotami odpowiedzialnymi za poradnictwo<br \/>\ni pomoc, kt\u00f3ra w ka\u017cdym przypadku skierowana jest na dobro dziecka i jego rodzin\u0119, zaspokaja nie tylko potrzeb\u0119 rozwoju indywidualnego lub spo\u0142ecznego, ale r\u00f3wnie\u017c potrzeb\u0119 bezpiecze\u0144stwa.<\/span><\/span><\/p>\n<\/li>\n<li>\n<p align=\"JUSTIFY\"><span style=\"font-family: 'Comic Sans MS', cursive;\"><span style=\"font-size: medium;\">W wyniku podejmowania sp\u00f3jnego dzia\u0142ania wychowawczo-profilaktycznego<br \/>\nw przedszkolu uczy si\u0119 tolerancji zapobiegaj\u0105c w ten spos\u00f3b wszelkim sytuacjom dyskryminacyjnym.<\/span><\/span><\/p>\n<\/li>\n<li>\n<p align=\"JUSTIFY\"><span style=\"font-family: 'Comic Sans MS', cursive;\"><span style=\"font-size: medium;\">Aktywny udzia\u0142 ca\u0142ej spo\u0142eczno\u015bci przedszkolnej w projektach mi\u0119dzynarodowych stwarza nowe perspektywy, szanse oraz mo\u017cliwo\u015bci rozwoju przedszkola.<\/span><\/span><\/p>\n<\/li>\n<li>\n<p align=\"JUSTIFY\"><span style=\"font-family: 'Comic Sans MS', cursive;\"><span style=\"font-size: medium;\">Nauczyciele wdra\u017caj\u0105 wyniki bada\u0144 wewn\u0119trznych i zewn\u0119trznych w celu wspomagania rozwoju dzieci oraz planowania pracy wychowawczo-dydaktycznej,<\/span><\/span><\/p>\n<\/li>\n<li>\n<p align=\"JUSTIFY\"><span style=\"font-family: 'Comic Sans MS', cursive;\"><span style=\"font-size: medium;\">Przedszkole od wielu lat gromadzi informacje o losach swoich absolwent\u00f3w<br \/>\ni wykorzystuje je do dalszej efektywnej pracy z dzie\u0107mi.<\/span><\/span><\/p>\n<\/li>\n<li>\n<p align=\"JUSTIFY\"><span style=\"font-family: 'Comic Sans MS', cursive;\"><span style=\"font-size: medium;\">Wnioski z ewaluacji wewn\u0119trznej wykorzystywane s\u0105 do planowania pracy<br \/>\ni podejmowania dzia\u0142a\u0144 wychowawczo-dydaktycznych.<\/span><\/span><\/p>\n<\/li>\n<li>\n<p align=\"JUSTIFY\"><span style=\"font-family: 'Comic Sans MS', cursive;\"><span style=\"font-size: medium;\">Atrakcyjna oferta edukacyjna przedszkola zapewnia wysoki poziom edukacji, przyczyniaj\u0105c si\u0119 m. in.: do rozwijania zainteresowa\u0144 artystycznych, zdolno\u015bci matematycznych, kreatywno\u015bci i samodzielno\u015bci dzieci, zadowolenia rodzic\u00f3w oraz wzbogacania bazy dydaktycznej.<\/span><\/span><\/p>\n<\/li>\n<\/ol>\n<p>&nbsp;<\/p>\n<p align=\"RIGHT\"><span style=\"font-family: 'Comic Sans MS', cursive;\"><span style=\"font-size: medium;\"><i>Za t\u0119 opinie serdecznie dzi\u0119kujemy!<\/i><\/span><\/span><\/p>\n<p style=\"text-align: left;\" align=\"RIGHT\">Raport z ewaluacji problemowej :<\/p>\n<h3 style=\"text-align: left;\" align=\"RIGHT\"><a title=\"Raport z ewaluacji zewn\u0119trznej\" href=\"http:\/\/www.seo2.npseo.pl\/reports\/1000844838134.pdf\" target=\"_blank\">http:\/\/www.seo2.npseo.pl\/reports\/1000844838134.pdf<\/a><\/h3>\n","protected":false},"excerpt":{"rendered":"<p>W grudniu 2013 roku odby\u0142 si\u0119 nadz\u00f3r pedagogiczny Systemu Ewaluacji O\u015bwiaty. Zosta\u0142a przeprowadzona ewaluacja problemowa zewn\u0119trzna. Oto wyniki! Prezentowany raport jest rezultatem ewaluacji przeprowadzonej w przedszkolu przez wizytator\u00f3w do spraw ewaluacji. Raport z ewaluacji problemowej dotyczy dw\u00f3ch wymaga\u0144 pa\u0144stwa: Przedszkole wspomaga rozw\u00f3j dzieci, z uwzgl\u0119dnieniem ich indywidualnej sytuacji &#8211; \u00a0 \u00a0 \u00a0 \u00a0UZYSKALI\u015aMY POZIOM A [&hellip;]<\/p>\n","protected":false},"author":1,"featured_media":0,"parent":282,"menu_order":0,"comment_status":"closed","ping_status":"closed","template":"","meta":[],"_links":{"self":[{"href":"https:\/\/archiwum.pp1.kluczbork.pl\/index.php?rest_route=\/wp\/v2\/pages\/285"}],"collection":[{"href":"https:\/\/archiwum.pp1.kluczbork.pl\/index.php?rest_route=\/wp\/v2\/pages"}],"about":[{"href":"https:\/\/archiwum.pp1.kluczbork.pl\/index.php?rest_route=\/wp\/v2\/types\/page"}],"author":[{"embeddable":true,"href":"https:\/\/archiwum.pp1.kluczbork.pl\/index.php?rest_route=\/wp\/v2\/users\/1"}],"replies":[{"embeddable":true,"href":"https:\/\/archiwum.pp1.kluczbork.pl\/index.php?rest_route=%2Fwp%2Fv2%2Fcomments&post=285"}],"version-history":[{"count":18,"href":"https:\/\/archiwum.pp1.kluczbork.pl\/index.php?rest_route=\/wp\/v2\/pages\/285\/revisions"}],"predecessor-version":[{"id":357,"href":"https:\/\/archiwum.pp1.kluczbork.pl\/index.php?rest_route=\/wp\/v2\/pages\/285\/revisions\/357"}],"up":[{"embeddable":true,"href":"https:\/\/archiwum.pp1.kluczbork.pl\/index.php?rest_route=\/wp\/v2\/pages\/282"}],"wp:attachment":[{"href":"https:\/\/archiwum.pp1.kluczbork.pl\/index.php?rest_route=%2Fwp%2Fv2%2Fmedia&parent=285"}],"curies":[{"name":"wp","href":"https:\/\/api.w.org\/{rel}","templated":true}]}}