{"id":78,"date":"2014-11-06T12:12:44","date_gmt":"2014-11-06T11:12:44","guid":{"rendered":"http:\/\/pp1.kluczbork.pl\/?page_id=78"},"modified":"2015-03-01T20:17:30","modified_gmt":"2015-03-01T19:17:30","slug":"procedura-postepowania-na-wypadek-nieodebrania-dziecka","status":"publish","type":"page","link":"https:\/\/archiwum.pp1.kluczbork.pl\/?page_id=78","title":{"rendered":"Procedura post\u0119powania na wypadek nieodebrania dziecka"},"content":{"rendered":"<p style=\"text-align: right;\"><span style=\"color: #000000;\">Za\u0142\u0105cznik nr 1\u00a0<\/span><br style=\"color: #ffffff;\" \/><span style=\"color: #000000;\">do Zarz\u0105dzenia Nr 3\/2012\u00a0<\/span><br style=\"color: #ffffff;\" \/><span style=\"color: #000000;\">Dyrektora Publicznego Przedszkola Nr 1<\/span><br style=\"color: #ffffff;\" \/><span style=\"color: #000000;\">z dnia 20.02.2012r.<\/span><\/p>\n<p style=\"color: #ffffff;\" align=\"CENTER\"><span style=\"font-family: 'Comic Sans MS'; font-size: x-large; color: #003300;\">PROCEDURA POST\u0118POWANIA NA WYPADEK<\/span><\/p>\n<p style=\"color: #ffffff;\" align=\"CENTER\"><span style=\"font-family: 'Comic Sans MS'; font-size: x-large; color: #003300;\">NIEODEBRANIA DZIECKA<\/span><\/p>\n<p style=\"color: #ffffff;\" align=\"CENTER\"><span style=\"font-family: 'Comic Sans MS'; font-size: x-large; color: #003300;\">Z PUBLICZNEGO PRZEDSZKOLA NR 1 W KLUCZBORKU<\/span><\/p>\n<p>&nbsp;<\/p>\n<p style=\"color: #ffffff;\" align=\"CENTER\"><span style=\"font-family: 'Comic Sans MS'; color: #000000;\">POSTANOWIENIA OG\u00d3LNE<\/span><\/p>\n<p style=\"color: #ffffff;\" align=\"CENTER\"><span style=\"font-family: 'Comic Sans MS'; color: #000000;\">W PRZYPADKU NIEODEBRANIA DZIECKA O CZASIE<\/span><\/p>\n<p style=\"text-align: justify;\">1. W Publicznym Przedszkolu Nr 1 w Kluczborku, ul. Chopina 1 osobami upowa\u017cnionymi do odbioru dziecka s\u0105 rodzice, prawni opiekunowie oraz osoby pisemnie upowa\u017cnione przez nich do odbioru dziecka.<\/p>\n<p style=\"text-align: justify;\">2. Pisemne upowa\u017cnienie sk\u0142ada si\u0119 u nauczyciela oddzia\u0142u. Osobami upowa\u017cnionymi mog\u0105 by\u0107 wy\u0142\u0105cznie osoby doros\u0142e.<\/p>\n<p style=\"text-align: justify;\">3. Osoby, kt\u00f3re odbieraj\u0105 dziecko po raz pierwszy, proszone s\u0105 o okazanie dokumentu ze zdj\u0119ciem potwierdzaj\u0105cego to\u017csamo\u015b\u0107 (dow\u00f3d osobisty, prawo jazdy, paszport).<\/p>\n<p style=\"text-align: justify;\">4. Nauczyciela przedszkola obowi\u0105zuje zakaz wydawania dziecka rodzicom, prawnym opiekunom lub osobom upowa\u017cnionym, kt\u00f3re nie gwarantuj\u0105 bezpiecze\u0144stwa dziecku w drodze do domu<br \/>\n(np. znajduj\u0105cym si\u0119 pod wp\u0142ywem alkoholu lub \u015brodk\u00f3w odurzaj\u0105cych).<\/p>\n<p style=\"text-align: justify;\">5. Wobec zaistnia\u0142ej sytuacji nauczyciel pr\u00f3buje telefonicznie skontaktowa\u0107 si\u0119 z innymi osobami, kt\u00f3re mog\u0105 odbiera\u0107 dziecko.<\/p>\n<p style=\"text-align: justify;\">6. W przypadku, gdy dziecko pozostaje w przedszkolu po godz. 16.30 nauczyciel pr\u00f3buje skontaktowa\u0107 si\u0119 z rodzicami lub prawnymi opiekunami dziecka wykorzystuj\u0105c podane przez rodzic\u00f3w numery telefon\u00f3w (domowe, w miejscu pracy, kom\u00f3rkowe).<\/p>\n<p style=\"text-align: justify;\">7. O zaistnia\u0142ej sytuacji nauczyciel powiadamia dyrektora przedszkola lub spo\u0142ecznego zast\u0119pc\u0119 dyrektora.<\/p>\n<p style=\"text-align: justify;\">8. W razie braku mo\u017cliwo\u015bci kontaktu z rodzicami lub osobami upowa\u017cnionymi do odbioru dziecka nauczyciel wraz z personelem obs\u0142ugowym do godz. 17.30 oczekuje z dzieckiem w przedszkolu na przyj\u015bcie rodzic\u00f3w lub prawnych opiekun\u00f3w lub osoby upowa\u017cnionej do odbioru dziecka.<\/p>\n<p style=\"text-align: justify;\">9. W trakcie oczekiwania na rodzic\u00f3w nauczyciel ci\u0105gle podejmuje pr\u00f3by kontaktu z rodzicami<br \/>\ni osobami upowa\u017cnionymi do odbioru dziecka b\u0105d\u017a osobami, kt\u00f3re mog\u0142yby pom\u00f3c w uzyskaniu kontaktu z nimi.<\/p>\n<p style=\"text-align: justify;\">11. Wobec niemo\u017cliwo\u015bci jakiegokolwiek kontaktu z rodzicami lub prawnymi opiekunami dziecka dyrektor przedszkola powiadamia komend\u0119 Policji.<\/p>\n<p style=\"text-align: justify;\">12. Po ustaleniu z funkcjonariuszem policji dalszego post\u0119powania, opieka nad dzieckiem zostaje przekazana przez policj\u0119 wyznaczonej osobie (osoby bliskiej dziecku) lub dziecko w obecno\u015bci funkcjonariuszy policji oraz dyrektora przedszkola zostaje przewiezione do Rodzinnego Pogotowia Opieku\u0144czego.<\/p>\n<p style=\"text-align: justify;\">13. Dyrektor przedszkola przed przekazaniem dziecka przygotowuje notatk\u0119 s\u0142u\u017cbow\u0105 przedstawiaj\u0105c\u0105 dotychczasowe dzia\u0142ania, kt\u00f3r\u0105 potwierdza obecny przy interwencji funkcjonariusz policji.<\/p>\n<p style=\"text-align: justify;\">POSTANOWIENIA KO\u0143COWE<\/p>\n<p style=\"text-align: justify;\">1. Z procedur\u0105 post\u0119powania na wypadek nieodebrania dziecka z Publicznego Przedszkola Nr 1<br \/>\nw Kluczborku zostali zapoznani wszyscy pracownicy przedszkola\u00a0(za\u0142\u0105cznik nr 1 do niniejszej procedury).<\/p>\n<p style=\"text-align: justify;\">2. Rodzice przyj\u0119li do wiadomo\u015bci informacj\u0119 dotycz\u0105c\u0105 Procedury post\u0119powania na wypadek nieodebrania dziecka z Publicznego Przedszkola Nr 1 w Kluczborku, wywieszon\u0105 na tablicy og\u0142osze\u0144<br \/>\nw przedszkolu.<\/p>\n<p style=\"text-align: justify;\">3. Procedura obowi\u0105zuje wszystkich pracownik\u00f3w przedszkola, rodzic\u00f3w dzieci ucz\u0119szczaj\u0105cych do przedszkola oraz osoby przez nich upowa\u017cnione do odbioru dzieci.<\/p>\n<p style=\"text-align: justify;\">4. Procedura obowi\u0105zuje od dnia 01.03.2012r.<\/p>\n<p style=\"text-align: justify;\"><span style=\"font-family: 'Comic Sans MS'; color: #000000;\">\u00a0<\/span><\/p>\n","protected":false},"excerpt":{"rendered":"<p>Za\u0142\u0105cznik nr 1\u00a0do Zarz\u0105dzenia Nr 3\/2012\u00a0Dyrektora Publicznego Przedszkola Nr 1z dnia 20.02.2012r. PROCEDURA POST\u0118POWANIA NA WYPADEK NIEODEBRANIA DZIECKA Z PUBLICZNEGO PRZEDSZKOLA NR 1 W KLUCZBORKU &nbsp; POSTANOWIENIA OG\u00d3LNE W PRZYPADKU NIEODEBRANIA DZIECKA O CZASIE 1. W Publicznym Przedszkolu Nr 1 w Kluczborku, ul. Chopina 1 osobami upowa\u017cnionymi do odbioru dziecka s\u0105 rodzice, prawni opiekunowie oraz [&hellip;]<\/p>\n","protected":false},"author":1,"featured_media":0,"parent":255,"menu_order":0,"comment_status":"closed","ping_status":"closed","template":"","meta":[],"_links":{"self":[{"href":"https:\/\/archiwum.pp1.kluczbork.pl\/index.php?rest_route=\/wp\/v2\/pages\/78"}],"collection":[{"href":"https:\/\/archiwum.pp1.kluczbork.pl\/index.php?rest_route=\/wp\/v2\/pages"}],"about":[{"href":"https:\/\/archiwum.pp1.kluczbork.pl\/index.php?rest_route=\/wp\/v2\/types\/page"}],"author":[{"embeddable":true,"href":"https:\/\/archiwum.pp1.kluczbork.pl\/index.php?rest_route=\/wp\/v2\/users\/1"}],"replies":[{"embeddable":true,"href":"https:\/\/archiwum.pp1.kluczbork.pl\/index.php?rest_route=%2Fwp%2Fv2%2Fcomments&post=78"}],"version-history":[{"count":6,"href":"https:\/\/archiwum.pp1.kluczbork.pl\/index.php?rest_route=\/wp\/v2\/pages\/78\/revisions"}],"predecessor-version":[{"id":127,"href":"https:\/\/archiwum.pp1.kluczbork.pl\/index.php?rest_route=\/wp\/v2\/pages\/78\/revisions\/127"}],"up":[{"embeddable":true,"href":"https:\/\/archiwum.pp1.kluczbork.pl\/index.php?rest_route=\/wp\/v2\/pages\/255"}],"wp:attachment":[{"href":"https:\/\/archiwum.pp1.kluczbork.pl\/index.php?rest_route=%2Fwp%2Fv2%2Fmedia&parent=78"}],"curies":[{"name":"wp","href":"https:\/\/api.w.org\/{rel}","templated":true}]}}